{"id":23,"date":"2026-03-23T22:00:26","date_gmt":"2026-03-24T01:00:26","guid":{"rendered":"https:\/\/zwadigital.link\/lon\/?page_id=23"},"modified":"2026-04-18T22:47:59","modified_gmt":"2026-04-19T01:47:59","slug":"para-casamentos","status":"publish","type":"page","link":"https:\/\/www.lonluzesom.com.br\/index.php\/para-casamentos\/","title":{"rendered":"Para Casamentos"},"content":{"rendered":"<p>[et_pb_section fb_built=&#8221;1&#8243; _builder_version=&#8221;4.27.6&#8243; _module_preset=&#8221;default&#8221; custom_padding=&#8221;9px|||||&#8221; global_colors_info=&#8221;{}&#8221; theme_builder_area=&#8221;post_content&#8221;][et_pb_row _builder_version=&#8221;4.27.6&#8243; _module_preset=&#8221;default&#8221; global_colors_info=&#8221;{}&#8221; theme_builder_area=&#8221;post_content&#8221;][et_pb_column type=&#8221;4_4&#8243; _builder_version=&#8221;4.27.6&#8243; _module_preset=&#8221;default&#8221; global_colors_info=&#8221;{}&#8221; theme_builder_area=&#8221;post_content&#8221;][et_pb_text _builder_version=&#8221;4.27.6&#8243; _dynamic_attributes=&#8221;content&#8221; _module_preset=&#8221;default&#8221; text_font=&#8221;|700||on|||||&#8221; text_text_color=&#8221;#000000&#8243; text_font_size=&#8221;40px&#8221; text_line_height=&#8221;1.2em&#8221; text_orientation=&#8221;center&#8221; locked=&#8221;off&#8221; global_colors_info=&#8221;{}&#8221; theme_builder_area=&#8221;post_content&#8221;]@ET-DC@eyJkeW5hbWljIjp0cnVlLCJjb250ZW50IjoicG9zdF90aXRsZSIsInNldHRpbmdzIjp7ImJlZm9yZSI6IiIsImFmdGVyIjoiIn19@[\/et_pb_text][\/et_pb_column][\/et_pb_row][et_pb_row _builder_version=&#8221;4.27.6&#8243; _module_preset=&#8221;default&#8221; theme_builder_area=&#8221;post_content&#8221; column_structure=&#8221;1_2,1_2&#8243; background_color=&#8221;#ededed&#8221; custom_padding=&#8221;40px|40px|40px|40px|true|true&#8221; border_radii=&#8221;on|20px|20px|20px|20px&#8221; hover_enabled=&#8221;0&#8243; sticky_enabled=&#8221;0&#8243;][et_pb_column _builder_version=&#8221;4.27.6&#8243; _module_preset=&#8221;default&#8221; type=&#8221;1_2&#8243; theme_builder_area=&#8221;post_content&#8221;][et_pb_text _builder_version=&#8221;4.27.6&#8243; _module_preset=&#8221;default&#8221; theme_builder_area=&#8221;post_content&#8221; header_2_font=&#8221;|700|||||||&#8221; header_2_text_color=&#8221;#E09900&#8243; header_2_font_size=&#8221;30px&#8221; hover_enabled=&#8221;0&#8243; sticky_enabled=&#8221;0&#8243;]<\/p>\n<h2>Transformamos momentos em experi\u00eancias inesquec\u00edveis<\/h2>\n<p>Em um casamento, cada detalhe importa \u2014 e o som e a ilumina\u00e7\u00e3o s\u00e3o respons\u00e1veis por criar a atmosfera que envolve, emociona e marca cada instante.<\/p>\n<p>Somos especialistas em sonoriza\u00e7\u00e3o e ilumina\u00e7\u00e3o para casamentos, levando tecnologia, sensibilidade e excel\u00eancia para transformar o seu grande dia em uma experi\u00eancia \u00fanica.<\/p>\n<p>[\/et_pb_text][\/et_pb_column][et_pb_column _builder_version=&#8221;4.27.6&#8243; _module_preset=&#8221;default&#8221; type=&#8221;1_2&#8243; theme_builder_area=&#8221;post_content&#8221;][et_pb_text _builder_version=&#8221;4.27.6&#8243; _module_preset=&#8221;default&#8221; theme_builder_area=&#8221;post_content&#8221; header_2_font=&#8221;|700|||||||&#8221; header_2_text_color=&#8221;#E09900&#8243; header_2_font_size=&#8221;30px&#8221; hover_enabled=&#8221;0&#8243; sticky_enabled=&#8221;0&#8243;]<\/p>\n<p><span style=\"font-size: 16px;\">Da cerim\u00f4nia ao \u00faltimo momento da pista de dan\u00e7a, cuidamos de cada detalhe com precis\u00e3o e bom gosto: som cristalino, ilumina\u00e7\u00e3o c\u00eanica, efeitos que valorizam cada ambiente e uma execu\u00e7\u00e3o impec\u00e1vel do in\u00edcio ao fim.<\/span><\/p>\n<p><strong>Mais do que equipamentos, entregamos emo\u00e7\u00e3o.<\/strong><br \/><strong>Mais do que um servi\u00e7o, criamos mem\u00f3rias.<\/strong><\/p>\n<p>Porque o seu casamento merece ser vivido, sentido e lembrado em cada luz, em cada batida e em cada sorriso.<\/p>\n<p>[\/et_pb_text][\/et_pb_column][\/et_pb_row][et_pb_row _builder_version=&#8221;4.27.6&#8243; _module_preset=&#8221;default&#8221; theme_builder_area=&#8221;post_content&#8221;][et_pb_column _builder_version=&#8221;4.27.6&#8243; _module_preset=&#8221;default&#8221; type=&#8221;4_4&#8243; theme_builder_area=&#8221;post_content&#8221;][et_pb_text _builder_version=&#8221;4.27.6&#8243; _module_preset=&#8221;default&#8221; theme_builder_area=&#8221;post_content&#8221; header_2_font=&#8221;|700|||||||&#8221; header_2_text_align=&#8221;center&#8221; hover_enabled=&#8221;0&#8243; sticky_enabled=&#8221;0&#8243;]<\/p>\n<h2>O que oferecemos para seu casamento:<\/h2>\n<p>[\/et_pb_text][\/et_pb_column][\/et_pb_row][et_pb_row column_structure=&#8221;1_2,1_2&#8243; use_custom_gutter=&#8221;on&#8221; gutter_width=&#8221;2&#8243; _builder_version=&#8221;4.27.6&#8243; _module_preset=&#8221;default&#8221; global_colors_info=&#8221;{}&#8221; theme_builder_area=&#8221;post_content&#8221;][et_pb_column type=&#8221;1_2&#8243; _builder_version=&#8221;4.27.6&#8243; _module_preset=&#8221;default&#8221; global_colors_info=&#8221;{}&#8221; theme_builder_area=&#8221;post_content&#8221;][et_pb_blurb title=&#8221;Ilumina\u00e7\u00e3o da Cerim\u00f4nia&#8221; image=&#8221;https:\/\/zwadigital.link\/lon\/wp-content\/uploads\/2026\/04\/testeira01.jpg&#8221; _builder_version=&#8221;4.27.6&#8243; _dynamic_attributes=&#8221;link_option_url&#8221; _module_preset=&#8221;default&#8221; header_font=&#8221;|700||on|||||&#8221; header_text_align=&#8221;center&#8221; header_font_size=&#8221;26px&#8221; header_line_height=&#8221;1.2em&#8221; body_text_align=&#8221;center&#8221; custom_padding=&#8221;10px|10px|10px|10px|true|true&#8221; link_option_url=&#8221;@ET-DC@eyJkeW5hbWljIjp0cnVlLCJjb250ZW50IjoicG9zdF9saW5rX3VybF9wYWdlIiwic2V0dGluZ3MiOnsicG9zdF9pZCI6IjEzMiJ9fQ==@&#8221; border_radii=&#8221;on|10px|10px|10px|10px&#8221; border_width_all=&#8221;1px&#8221; border_color_all=&#8221;#E09900&#8243; border_radii_image=&#8221;on|10px|10px|10px|10px&#8221; global_colors_info=&#8221;{}&#8221; background__hover_enabled=&#8221;on|hover&#8221; background_color__hover=&#8221;#e8e8e8&#8243; background_enable_color__hover=&#8221;on&#8221; theme_builder_area=&#8221;post_content&#8221;]<\/p>\n<p>A luz certa valoriza a entrada dos noivos, destaca a ornamenta\u00e7\u00e3o e deixa a cerim\u00f4nia mais bonita ao vivo e cria mem\u00f3rias inesquec\u00edveis.<\/p>\n<p>[\/et_pb_blurb][\/et_pb_column][et_pb_column type=&#8221;1_2&#8243; _builder_version=&#8221;4.27.6&#8243; _module_preset=&#8221;default&#8221; global_colors_info=&#8221;{}&#8221; theme_builder_area=&#8221;post_content&#8221;][et_pb_blurb title=&#8221;Sonoriza\u00e7\u00e3oda Cerim\u00f4nia&#8221; image=&#8221;https:\/\/zwadigital.link\/lon\/wp-content\/uploads\/2026\/04\/testeira02.jpg&#8221; _builder_version=&#8221;4.27.6&#8243; _dynamic_attributes=&#8221;link_option_url&#8221; _module_preset=&#8221;default&#8221; header_font=&#8221;|700||on|||||&#8221; header_text_align=&#8221;center&#8221; header_font_size=&#8221;26px&#8221; header_line_height=&#8221;1.2em&#8221; body_text_align=&#8221;center&#8221; custom_padding=&#8221;10px|10px|10px|10px|false|true&#8221; link_option_url=&#8221;@ET-DC@eyJkeW5hbWljIjp0cnVlLCJjb250ZW50IjoicG9zdF9saW5rX3VybF9wYWdlIiwic2V0dGluZ3MiOnsicG9zdF9pZCI6IjE2MSJ9fQ==@&#8221; border_radii=&#8221;on|10px|10px|10px|10px&#8221; border_width_all=&#8221;1px&#8221; border_color_all=&#8221;#E09900&#8243; border_radii_image=&#8221;on|10px|10px|10px|10px&#8221; global_colors_info=&#8221;{}&#8221; background__hover_enabled=&#8221;on|hover&#8221; background_color__hover=&#8221;#e8e8e8&#8243; background_enable_color__hover=&#8221;on&#8221; theme_builder_area=&#8221;post_content&#8221;]<\/p>\n<p>Som limpo e elegante para votos, mensagens e m\u00fasica \u2014 com volume confort\u00e1vel e perfeito entendimento das falas.<\/p>\n<p>[\/et_pb_blurb][\/et_pb_column][\/et_pb_row][et_pb_row column_structure=&#8221;1_2,1_2&#8243; use_custom_gutter=&#8221;on&#8221; gutter_width=&#8221;2&#8243; _builder_version=&#8221;4.27.6&#8243; _module_preset=&#8221;default&#8221; custom_padding=&#8221;6px|||||&#8221; global_colors_info=&#8221;{}&#8221; theme_builder_area=&#8221;post_content&#8221;][et_pb_column type=&#8221;1_2&#8243; _builder_version=&#8221;4.27.6&#8243; _module_preset=&#8221;default&#8221; global_colors_info=&#8221;{}&#8221; theme_builder_area=&#8221;post_content&#8221;][et_pb_blurb title=&#8221;Caminho da Noiva&#8221; image=&#8221;https:\/\/zwadigital.link\/lon\/wp-content\/uploads\/2026\/04\/testeira03.jpg&#8221; _builder_version=&#8221;4.27.6&#8243; _dynamic_attributes=&#8221;link_option_url&#8221; _module_preset=&#8221;default&#8221; header_font=&#8221;|700||on|||||&#8221; header_text_align=&#8221;center&#8221; header_font_size=&#8221;26px&#8221; header_line_height=&#8221;1.2em&#8221; body_text_align=&#8221;center&#8221; custom_padding=&#8221;10px|10px|27px|10px|false|true&#8221; link_option_url=&#8221;@ET-DC@eyJkeW5hbWljIjp0cnVlLCJjb250ZW50IjoicG9zdF9saW5rX3VybF9wYWdlIiwic2V0dGluZ3MiOnsicG9zdF9pZCI6IjE3NCJ9fQ==@&#8221; border_radii=&#8221;on|10px|10px|10px|10px&#8221; border_width_all=&#8221;1px&#8221; border_color_all=&#8221;#E09900&#8243; border_radii_image=&#8221;on|10px|10px|10px|10px&#8221; global_colors_info=&#8221;{}&#8221; background__hover_enabled=&#8221;on|hover&#8221; background_color__hover=&#8221;#e8e8e8&#8243; background_enable_color__hover=&#8221;on&#8221; theme_builder_area=&#8221;post_content&#8221;]<\/p>\n<p><strong>(madeira ou vidro)<\/strong><\/p>\n<p>Um caminho impactante e elegante, que cria o\u201cmomento\u201d da entrada e valoriza cada passo docaminho at\u00e9 o altar.<\/p>\n<p>[\/et_pb_blurb][\/et_pb_column][et_pb_column type=&#8221;1_2&#8243; _builder_version=&#8221;4.27.6&#8243; _module_preset=&#8221;default&#8221; global_colors_info=&#8221;{}&#8221; theme_builder_area=&#8221;post_content&#8221;][et_pb_blurb title=&#8221;Ilumina\u00e7\u00e3o C\u00eanica do Espa\u00e7o&#8221; image=&#8221;https:\/\/zwadigital.link\/lon\/wp-content\/uploads\/2026\/04\/testeira02.jpg&#8221; _builder_version=&#8221;4.27.6&#8243; _dynamic_attributes=&#8221;link_option_url&#8221; _module_preset=&#8221;default&#8221; header_font=&#8221;|700||on|||||&#8221; header_text_align=&#8221;center&#8221; header_font_size=&#8221;26px&#8221; header_line_height=&#8221;1.2em&#8221; body_text_align=&#8221;center&#8221; custom_padding=&#8221;10px|10px|27px|10px|false|true&#8221; link_option_url=&#8221;@ET-DC@eyJkeW5hbWljIjp0cnVlLCJjb250ZW50IjoicG9zdF9saW5rX3VybF9wYWdlIiwic2V0dGluZ3MiOnsicG9zdF9pZCI6IjE4MCJ9fQ==@&#8221; border_radii=&#8221;on|10px|10px|10px|10px&#8221; border_width_all=&#8221;1px&#8221; border_color_all=&#8221;#E09900&#8243; border_radii_image=&#8221;on|10px|10px|10px|10px&#8221; global_colors_info=&#8221;{}&#8221; background__hover_enabled=&#8221;on|hover&#8221; background_color__hover=&#8221;#e8e8e8&#8243; background_enable_color__hover=&#8221;on&#8221; theme_builder_area=&#8221;post_content&#8221;]<\/p>\n<p><strong>(sal\u00e3o\/\u00e1rea externa)<\/strong><\/p>\n<p>Transforme o ambiente com luz aconchegante e pontos de destaque: clima elegante e bonito.<\/p>\n<p>[\/et_pb_blurb][\/et_pb_column][\/et_pb_row][et_pb_row column_structure=&#8221;1_2,1_2&#8243; use_custom_gutter=&#8221;on&#8221; gutter_width=&#8221;2&#8243; _builder_version=&#8221;4.27.6&#8243; _module_preset=&#8221;default&#8221; custom_padding=&#8221;6px|||||&#8221; global_colors_info=&#8221;{}&#8221; theme_builder_area=&#8221;post_content&#8221;][et_pb_column type=&#8221;1_2&#8243; _builder_version=&#8221;4.27.6&#8243; _module_preset=&#8221;default&#8221; global_colors_info=&#8221;{}&#8221; theme_builder_area=&#8221;post_content&#8221;][et_pb_blurb title=&#8221;Ilumina\u00e7\u00e3o de Palco&#8221; image=&#8221;https:\/\/zwadigital.link\/lon\/wp-content\/uploads\/2026\/04\/testeira04.jpg&#8221; _builder_version=&#8221;4.27.6&#8243; _dynamic_attributes=&#8221;link_option_url&#8221; _module_preset=&#8221;default&#8221; header_font=&#8221;|700||on|||||&#8221; header_text_align=&#8221;center&#8221; header_font_size=&#8221;26px&#8221; header_line_height=&#8221;1.2em&#8221; body_text_align=&#8221;center&#8221; custom_padding=&#8221;10px|10px|48px|10px|false|true&#8221; link_option_url=&#8221;@ET-DC@eyJkeW5hbWljIjp0cnVlLCJjb250ZW50IjoicG9zdF9saW5rX3VybF9wYWdlIiwic2V0dGluZ3MiOnsicG9zdF9pZCI6IjE4NiJ9fQ==@&#8221; border_radii=&#8221;on|10px|10px|10px|10px&#8221; border_width_all=&#8221;1px&#8221; border_color_all=&#8221;#E09900&#8243; border_radii_image=&#8221;on|10px|10px|10px|10px&#8221; global_colors_info=&#8221;{}&#8221; background__hover_enabled=&#8221;on|hover&#8221; background_color__hover=&#8221;#e8e8e8&#8243; background_enable_color__hover=&#8221;on&#8221; theme_builder_area=&#8221;post_content&#8221;]<\/p>\n<p>Luz de palco que valoriza banda, DJ e pista, com acabamento profissional e atmosfera dan\u00e7ante.<\/p>\n<p>[\/et_pb_blurb][\/et_pb_column][et_pb_column type=&#8221;1_2&#8243; _builder_version=&#8221;4.27.6&#8243; _module_preset=&#8221;default&#8221; global_colors_info=&#8221;{}&#8221; theme_builder_area=&#8221;post_content&#8221;][et_pb_blurb title=&#8221;Sonoriza\u00e7\u00e3o da Recep\u00e7\u00e3o&#8221; image=&#8221;https:\/\/zwadigital.link\/lon\/wp-content\/uploads\/2026\/04\/testeira02.jpg&#8221; _builder_version=&#8221;4.27.6&#8243; _dynamic_attributes=&#8221;link_option_url&#8221; _module_preset=&#8221;default&#8221; header_font=&#8221;|700||on|||||&#8221; header_text_align=&#8221;center&#8221; header_font_size=&#8221;26px&#8221; header_line_height=&#8221;1.2em&#8221; body_text_align=&#8221;center&#8221; custom_padding=&#8221;10px|10px|10px|10px|true|true&#8221; link_option_url=&#8221;@ET-DC@eyJkeW5hbWljIjp0cnVlLCJjb250ZW50IjoicG9zdF9saW5rX3VybF9wYWdlIiwic2V0dGluZ3MiOnsicG9zdF9pZCI6IjE5MSJ9fQ==@&#8221; border_radii=&#8221;on|10px|10px|10px|10px&#8221; border_width_all=&#8221;1px&#8221; border_color_all=&#8221;#E09900&#8243; border_radii_image=&#8221;on|10px|10px|10px|10px&#8221; global_colors_info=&#8221;{}&#8221; background__hover_enabled=&#8221;on|hover&#8221; background_color__hover=&#8221;#e8e8e8&#8243; background_enable_color__hover=&#8221;on&#8221; theme_builder_area=&#8221;post_content&#8221;]<\/p>\n<p><strong> (sal\u00e3o + pista)<\/strong><\/p>\n<p>Som com presen\u00e7a e equil\u00edbrio: conversa confort\u00e1vel no sal\u00e3o e energia na pista, sem exageros.<\/p>\n<p>[\/et_pb_blurb][\/et_pb_column][\/et_pb_row][\/et_pb_section]<\/p>\n","protected":false},"excerpt":{"rendered":"<p>Transformamos momentos em experi\u00eancias inesquec\u00edveis Em um casamento, cada detalhe importa \u2014 e o som e a ilumina\u00e7\u00e3o s\u00e3o respons\u00e1veis por criar a atmosfera que envolve, emociona e marca cada instante. Somos especialistas em sonoriza\u00e7\u00e3o e ilumina\u00e7\u00e3o para casamentos, levando tecnologia, sensibilidade e excel\u00eancia para transformar o seu grande dia em uma experi\u00eancia \u00fanica.Da cerim\u00f4nia ao \u00faltimo momento da pista de dan\u00e7a, cuidamos de cada detalhe com precis\u00e3o e bom gosto: som cristalino, ilumina\u00e7\u00e3o c\u00eanica, efeitos que valorizam cada ambiente e uma execu\u00e7\u00e3o impec\u00e1vel do in\u00edcio ao fim. Mais do que equipamentos, entregamos emo\u00e7\u00e3o.Mais do que um servi\u00e7o, criamos mem\u00f3rias. Porque o seu casamento merece ser vivido, sentido e lembrado em cada luz, em cada batida e em cada sorriso.O que oferecemos para seu casamento:A luz certa valoriza a entrada dos noivos, destaca a ornamenta\u00e7\u00e3o e deixa a cerim\u00f4nia mais bonita ao vivo e cria mem\u00f3rias inesquec\u00edveis.Som limpo e elegante para votos, mensagens e m\u00fasica \u2014 com volume confort\u00e1vel e perfeito entendimento das falas.(madeira ou vidro) Um caminho impactante e elegante, que cria o\u201cmomento\u201d da entrada e valoriza cada passo docaminho at\u00e9 o altar.(sal\u00e3o\/\u00e1rea externa) Transforme o ambiente com luz aconchegante e pontos de destaque: clima elegante e bonito.Luz de [&hellip;]<\/p>\n","protected":false},"author":1,"featured_media":162,"parent":0,"menu_order":0,"comment_status":"closed","ping_status":"closed","template":"","meta":{"_et_pb_use_builder":"on","_et_pb_old_content":"","_et_gb_content_width":"","footnotes":""},"class_list":["post-23","page","type-page","status-publish","has-post-thumbnail","hentry"],"_links":{"self":[{"href":"https:\/\/www.lonluzesom.com.br\/index.php\/wp-json\/wp\/v2\/pages\/23","targetHints":{"allow":["GET"]}}],"collection":[{"href":"https:\/\/www.lonluzesom.com.br\/index.php\/wp-json\/wp\/v2\/pages"}],"about":[{"href":"https:\/\/www.lonluzesom.com.br\/index.php\/wp-json\/wp\/v2\/types\/page"}],"author":[{"embeddable":true,"href":"https:\/\/www.lonluzesom.com.br\/index.php\/wp-json\/wp\/v2\/users\/1"}],"replies":[{"embeddable":true,"href":"https:\/\/www.lonluzesom.com.br\/index.php\/wp-json\/wp\/v2\/comments?post=23"}],"version-history":[{"count":9,"href":"https:\/\/www.lonluzesom.com.br\/index.php\/wp-json\/wp\/v2\/pages\/23\/revisions"}],"predecessor-version":[{"id":317,"href":"https:\/\/www.lonluzesom.com.br\/index.php\/wp-json\/wp\/v2\/pages\/23\/revisions\/317"}],"wp:featuredmedia":[{"embeddable":true,"href":"https:\/\/www.lonluzesom.com.br\/index.php\/wp-json\/wp\/v2\/media\/162"}],"wp:attachment":[{"href":"https:\/\/www.lonluzesom.com.br\/index.php\/wp-json\/wp\/v2\/media?parent=23"}],"curies":[{"name":"wp","href":"https:\/\/api.w.org\/{rel}","templated":true}]}}