{"id":25,"date":"2026-03-23T22:01:11","date_gmt":"2026-03-24T01:01:11","guid":{"rendered":"https:\/\/zwadigital.link\/lon\/?page_id=25"},"modified":"2026-04-18T22:53:30","modified_gmt":"2026-04-19T01:53:30","slug":"para-eventos","status":"publish","type":"page","link":"https:\/\/www.lonluzesom.com.br\/index.php\/para-eventos\/","title":{"rendered":"Para Eventos"},"content":{"rendered":"<p>[et_pb_section fb_built=&#8221;1&#8243; _builder_version=&#8221;4.27.6&#8243; _module_preset=&#8221;default&#8221; custom_padding=&#8221;9px|||||&#8221; global_colors_info=&#8221;{}&#8221; theme_builder_area=&#8221;post_content&#8221;][et_pb_row _builder_version=&#8221;4.27.6&#8243; _module_preset=&#8221;default&#8221; global_colors_info=&#8221;{}&#8221; theme_builder_area=&#8221;post_content&#8221;][et_pb_column type=&#8221;4_4&#8243; _builder_version=&#8221;4.27.6&#8243; _module_preset=&#8221;default&#8221; global_colors_info=&#8221;{}&#8221; theme_builder_area=&#8221;post_content&#8221;][et_pb_text _builder_version=&#8221;4.27.6&#8243; _dynamic_attributes=&#8221;content&#8221; _module_preset=&#8221;default&#8221; text_font=&#8221;|700||on|||||&#8221; text_text_color=&#8221;#000000&#8243; text_font_size=&#8221;40px&#8221; text_line_height=&#8221;1.2em&#8221; text_orientation=&#8221;center&#8221; locked=&#8221;off&#8221; global_colors_info=&#8221;{}&#8221; theme_builder_area=&#8221;post_content&#8221;]@ET-DC@eyJkeW5hbWljIjp0cnVlLCJjb250ZW50IjoicG9zdF90aXRsZSIsInNldHRpbmdzIjp7ImJlZm9yZSI6IiIsImFmdGVyIjoiIn19@[\/et_pb_text][\/et_pb_column][\/et_pb_row][et_pb_row column_structure=&#8221;1_2,1_2&#8243; _builder_version=&#8221;4.27.6&#8243; _module_preset=&#8221;default&#8221; background_color=&#8221;#ededed&#8221; custom_padding=&#8221;40px|40px|40px|40px|true|true&#8221; border_radii=&#8221;on|20px|20px|20px|20px&#8221; locked=&#8221;off&#8221; global_colors_info=&#8221;{}&#8221; theme_builder_area=&#8221;post_content&#8221;][et_pb_column type=&#8221;1_2&#8243; _builder_version=&#8221;4.27.6&#8243; _module_preset=&#8221;default&#8221; global_colors_info=&#8221;{}&#8221; theme_builder_area=&#8221;post_content&#8221;][et_pb_text _builder_version=&#8221;4.27.6&#8243; _module_preset=&#8221;default&#8221; header_2_font=&#8221;|700|||||||&#8221; header_2_text_color=&#8221;#E09900&#8243; header_2_font_size=&#8221;30px&#8221; hover_enabled=&#8221;0&#8243; global_colors_info=&#8221;{}&#8221; theme_builder_area=&#8221;post_content&#8221; sticky_enabled=&#8221;0&#8243;]<\/p>\n<h2>Som e luz que transformam eventos em experi\u00eancias memor\u00e1veis<\/h2>\n<p data-start=\"192\" data-end=\"364\">Cada evento tem um prop\u00f3sito. Seja celebrar, conectar, emocionar ou impressionar \u2014 e n\u00f3s sabemos como potencializar cada momento atrav\u00e9s da sonoriza\u00e7\u00e3o e ilumina\u00e7\u00e3o certas.<\/p>\n<p data-start=\"366\" data-end=\"574\">Atuamos com excel\u00eancia em diversos formatos de eventos, como <strong data-start=\"427\" data-end=\"489\">corporativos, festas de 15 anos, eventos escolares e shows<\/strong>, entregando solu\u00e7\u00f5es completas que unem tecnologia, criatividade e precis\u00e3o t\u00e9cnica.<\/p>\n<p>[\/et_pb_text][\/et_pb_column][et_pb_column type=&#8221;1_2&#8243; _builder_version=&#8221;4.27.6&#8243; _module_preset=&#8221;default&#8221; global_colors_info=&#8221;{}&#8221; theme_builder_area=&#8221;post_content&#8221;][et_pb_text _builder_version=&#8221;4.27.6&#8243; _module_preset=&#8221;default&#8221; header_2_font=&#8221;|700|||||||&#8221; header_2_text_color=&#8221;#E09900&#8243; header_2_font_size=&#8221;30px&#8221; hover_enabled=&#8221;0&#8243; global_colors_info=&#8221;{}&#8221; theme_builder_area=&#8221;post_content&#8221; sticky_enabled=&#8221;0&#8243;]<\/p>\n<p data-start=\"576\" data-end=\"859\">Nossa equipe \u00e9 especializada em criar atmosferas \u00fanicas:<\/p>\n<ul>\n<li data-start=\"576\" data-end=\"859\">Som limpo, potente e perfeitamente ajustado ao ambiente<\/li>\n<li data-start=\"576\" data-end=\"859\">Ilumina\u00e7\u00e3o c\u00eanica que valoriza cada detalhe<\/li>\n<li data-start=\"576\" data-end=\"859\">Efeitos visuais que elevam a experi\u00eancia do p\u00fablico<\/li>\n<li data-start=\"576\" data-end=\"859\">Execu\u00e7\u00e3o profissional do planejamento \u00e0 opera\u00e7\u00e3o ao vivo<\/li>\n<\/ul>\n<p data-start=\"861\" data-end=\"982\">Mais do que montar estrutura, n\u00f3s <strong data-start=\"895\" data-end=\"922\">entendemos o seu evento<\/strong> \u2014 e traduzimos isso em sensa\u00e7\u00f5es que marcam quem participa.<\/p>\n<p data-start=\"984\" data-end=\"1151\">Seja para impressionar clientes, celebrar grandes momentos ou levantar o p\u00fablico, estamos prontos para fazer o seu evento acontecer com qualidade, seguran\u00e7a e impacto.<\/p>\n<p>[\/et_pb_text][\/et_pb_column][\/et_pb_row][et_pb_row _builder_version=&#8221;4.27.6&#8243; _module_preset=&#8221;default&#8221; global_colors_info=&#8221;{}&#8221; theme_builder_area=&#8221;post_content&#8221; locked=&#8221;off&#8221;][et_pb_column type=&#8221;4_4&#8243; _builder_version=&#8221;4.27.6&#8243; _module_preset=&#8221;default&#8221; global_colors_info=&#8221;{}&#8221; theme_builder_area=&#8221;post_content&#8221;][et_pb_text _builder_version=&#8221;4.27.6&#8243; _module_preset=&#8221;default&#8221; header_2_font=&#8221;|700|||||||&#8221; header_2_text_align=&#8221;center&#8221; hover_enabled=&#8221;0&#8243; global_colors_info=&#8221;{}&#8221; theme_builder_area=&#8221;post_content&#8221; sticky_enabled=&#8221;0&#8243;]<\/p>\n<h2>O que oferecemos para seu evento:<\/h2>\n<p>[\/et_pb_text][\/et_pb_column][\/et_pb_row][et_pb_row column_structure=&#8221;1_2,1_2&#8243; use_custom_gutter=&#8221;on&#8221; gutter_width=&#8221;2&#8243; _builder_version=&#8221;4.27.6&#8243; _module_preset=&#8221;default&#8221; global_colors_info=&#8221;{}&#8221; theme_builder_area=&#8221;post_content&#8221;][et_pb_column type=&#8221;1_2&#8243; _builder_version=&#8221;4.27.6&#8243; _module_preset=&#8221;default&#8221; global_colors_info=&#8221;{}&#8221; theme_builder_area=&#8221;post_content&#8221;][et_pb_blurb title=&#8221;DJ&#8221; image=&#8221;https:\/\/zwadigital.link\/lon\/wp-content\/uploads\/2026\/04\/testeira01.jpg&#8221; _builder_version=&#8221;4.27.6&#8243; _dynamic_attributes=&#8221;link_option_url&#8221; _module_preset=&#8221;default&#8221; header_font=&#8221;|700||on|||||&#8221; header_text_align=&#8221;center&#8221; header_font_size=&#8221;26px&#8221; header_line_height=&#8221;1.2em&#8221; body_text_align=&#8221;center&#8221; custom_padding=&#8221;10px|10px|34px|10px|false|true&#8221; link_option_url=&#8221;@ET-DC@eyJkeW5hbWljIjp0cnVlLCJjb250ZW50IjoicG9zdF9saW5rX3VybF9wYWdlIiwic2V0dGluZ3MiOnsicG9zdF9pZCI6IjE5NiJ9fQ==@&#8221; border_radii=&#8221;on|10px|10px|10px|10px&#8221; border_width_all=&#8221;1px&#8221; border_color_all=&#8221;#E09900&#8243; border_radii_image=&#8221;on|10px|10px|10px|10px&#8221; global_colors_info=&#8221;{}&#8221; background__hover_enabled=&#8221;on|hover&#8221; background_color__hover=&#8221;#e8e8e8&#8243; background_enable_color__hover=&#8221;on&#8221; theme_builder_area=&#8221;post_content&#8221;]<\/p>\n<p>Trilha musical bem conduzida: leitura do p\u00fablico, transi\u00e7\u00f5es suaves e energia na medida certa.<\/p>\n<p>[\/et_pb_blurb][\/et_pb_column][et_pb_column type=&#8221;1_2&#8243; _builder_version=&#8221;4.27.6&#8243; _module_preset=&#8221;default&#8221; global_colors_info=&#8221;{}&#8221; theme_builder_area=&#8221;post_content&#8221;][et_pb_blurb title=&#8221; Palco 4&#215;4&#8243; image=&#8221;https:\/\/zwadigital.link\/lon\/wp-content\/uploads\/2026\/04\/testeira02.jpg&#8221; _builder_version=&#8221;4.27.6&#8243; _dynamic_attributes=&#8221;link_option_url&#8221; _module_preset=&#8221;default&#8221; header_font=&#8221;|700||on|||||&#8221; header_text_align=&#8221;center&#8221; header_font_size=&#8221;26px&#8221; header_line_height=&#8221;1.2em&#8221; body_text_align=&#8221;center&#8221; custom_padding=&#8221;10px|10px|10px|10px|false|true&#8221; link_option_url=&#8221;@ET-DC@eyJkeW5hbWljIjp0cnVlLCJjb250ZW50IjoicG9zdF9saW5rX3VybF9wYWdlIiwic2V0dGluZ3MiOnsicG9zdF9pZCI6IjIwMyJ9fQ==@&#8221; border_radii=&#8221;on|10px|10px|10px|10px&#8221; border_width_all=&#8221;1px&#8221; border_color_all=&#8221;#E09900&#8243; border_radii_image=&#8221;on|10px|10px|10px|10px&#8221; global_colors_info=&#8221;{}&#8221; background__hover_enabled=&#8221;on|hover&#8221; background_color__hover=&#8221;#e8e8e8&#8243; background_enable_color__hover=&#8221;on&#8221; theme_builder_area=&#8221;post_content&#8221;]<\/p>\n<p><strong>(tablado\/ch\u00e3o)<br \/><\/strong>Estrutura segura e alinhada para banda\/DJ, com acabamento bonito e presen\u00e7a no evento.<\/p>\n<p>[\/et_pb_blurb][\/et_pb_column][\/et_pb_row][et_pb_row column_structure=&#8221;1_2,1_2&#8243; use_custom_gutter=&#8221;on&#8221; gutter_width=&#8221;2&#8243; _builder_version=&#8221;4.27.6&#8243; _module_preset=&#8221;default&#8221; custom_padding=&#8221;6px|||||&#8221; global_colors_info=&#8221;{}&#8221; theme_builder_area=&#8221;post_content&#8221;][et_pb_column type=&#8221;1_2&#8243; _builder_version=&#8221;4.27.6&#8243; _module_preset=&#8221;default&#8221; global_colors_info=&#8221;{}&#8221; theme_builder_area=&#8221;post_content&#8221;][et_pb_blurb title=&#8221;Pista Led Paris x  Infinity&#8221; image=&#8221;https:\/\/zwadigital.link\/lon\/wp-content\/uploads\/2026\/04\/testeira02.jpg&#8221; _builder_version=&#8221;4.27.6&#8243; _dynamic_attributes=&#8221;link_option_url&#8221; _module_preset=&#8221;default&#8221; header_font=&#8221;|700||on|||||&#8221; header_text_align=&#8221;center&#8221; header_font_size=&#8221;26px&#8221; header_line_height=&#8221;1.2em&#8221; body_text_align=&#8221;center&#8221; custom_padding=&#8221;10px|10px|10px|10px|false|true&#8221; link_option_url=&#8221;@ET-DC@eyJkeW5hbWljIjp0cnVlLCJjb250ZW50IjoicG9zdF9saW5rX3VybF9wYWdlIiwic2V0dGluZ3MiOnsicG9zdF9pZCI6IjIxNCJ9fQ==@&#8221; border_radii=&#8221;on|10px|10px|10px|10px&#8221; border_width_all=&#8221;1px&#8221; border_color_all=&#8221;#E09900&#8243; border_radii_image=&#8221;on|10px|10px|10px|10px&#8221; global_colors_info=&#8221;{}&#8221; background__hover_enabled=&#8221;on|hover&#8221; background_color__hover=&#8221;#e8e8e8&#8243; background_enable_color__hover=&#8221;on&#8221; theme_builder_area=&#8221;post_content&#8221;]<\/p>\n<p>Piso iluminado e resistente para que o momento da dan\u00e7a seja o destaque a cada ritmo.<\/p>\n<p>[\/et_pb_blurb][\/et_pb_column][et_pb_column type=&#8221;1_2&#8243; _builder_version=&#8221;4.27.6&#8243; _module_preset=&#8221;default&#8221; global_colors_info=&#8221;{}&#8221; theme_builder_area=&#8221;post_content&#8221;][et_pb_blurb title=&#8221;Tenda para Palco  5&#215;5&#8243; image=&#8221;https:\/\/zwadigital.link\/lon\/wp-content\/uploads\/2026\/04\/testeira03.jpg&#8221; _builder_version=&#8221;4.27.6&#8243; _dynamic_attributes=&#8221;link_option_url&#8221; _module_preset=&#8221;default&#8221; header_font=&#8221;|700||on|||||&#8221; header_text_align=&#8221;center&#8221; header_font_size=&#8221;26px&#8221; header_line_height=&#8221;1.2em&#8221; body_text_align=&#8221;center&#8221; custom_padding=&#8221;10px|10px|34px|10px|false|true&#8221; link_option_url=&#8221;@ET-DC@eyJkeW5hbWljIjp0cnVlLCJjb250ZW50IjoicG9zdF9saW5rX3VybF9wYWdlIiwic2V0dGluZ3MiOnsicG9zdF9pZCI6IjIwOCJ9fQ==@&#8221; border_radii=&#8221;on|10px|10px|10px|10px&#8221; border_width_all=&#8221;1px&#8221; border_color_all=&#8221;#E09900&#8243; border_radii_image=&#8221;on|10px|10px|10px|10px&#8221; global_colors_info=&#8221;{}&#8221; background__hover_enabled=&#8221;on|hover&#8221; background_color__hover=&#8221;#e8e8e8&#8243; background_enable_color__hover=&#8221;on&#8221; theme_builder_area=&#8221;post_content&#8221;]<\/p>\n<p>Estrutura para cobertura do palco com seguran\u00e7a e est\u00e9tica impec\u00e1vel.<\/p>\n<p>[\/et_pb_blurb][\/et_pb_column][\/et_pb_row][\/et_pb_section]<\/p>\n","protected":false},"excerpt":{"rendered":"<p>Som e luz que transformam eventos em experi\u00eancias memor\u00e1veis Cada evento tem um prop\u00f3sito. Seja celebrar, conectar, emocionar ou impressionar \u2014 e n\u00f3s sabemos como potencializar cada momento atrav\u00e9s da sonoriza\u00e7\u00e3o e ilumina\u00e7\u00e3o certas. Atuamos com excel\u00eancia em diversos formatos de eventos, como corporativos, festas de 15 anos, eventos escolares e shows, entregando solu\u00e7\u00f5es completas que unem tecnologia, criatividade e precis\u00e3o t\u00e9cnica.Nossa equipe \u00e9 especializada em criar atmosferas \u00fanicas: Som limpo, potente e perfeitamente ajustado ao ambiente Ilumina\u00e7\u00e3o c\u00eanica que valoriza cada detalhe Efeitos visuais que elevam a experi\u00eancia do p\u00fablico Execu\u00e7\u00e3o profissional do planejamento \u00e0 opera\u00e7\u00e3o ao vivo Mais do que montar estrutura, n\u00f3s entendemos o seu evento \u2014 e traduzimos isso em sensa\u00e7\u00f5es que marcam quem participa. Seja para impressionar clientes, celebrar grandes momentos ou levantar o p\u00fablico, estamos prontos para fazer o seu evento acontecer com qualidade, seguran\u00e7a e impacto.O que oferecemos para seu evento:Trilha musical bem conduzida: leitura do p\u00fablico, transi\u00e7\u00f5es suaves e energia na medida certa.(tablado\/ch\u00e3o)Estrutura segura e alinhada para banda\/DJ, com acabamento bonito e presen\u00e7a no evento.Piso iluminado e resistente para que o momento da dan\u00e7a seja o destaque a cada ritmo.Estrutura para cobertura do palco com seguran\u00e7a e est\u00e9tica impec\u00e1vel.<\/p>\n","protected":false},"author":1,"featured_media":181,"parent":0,"menu_order":0,"comment_status":"closed","ping_status":"closed","template":"","meta":{"_et_pb_use_builder":"on","_et_pb_old_content":"","_et_gb_content_width":"","footnotes":""},"class_list":["post-25","page","type-page","status-publish","has-post-thumbnail","hentry"],"_links":{"self":[{"href":"https:\/\/www.lonluzesom.com.br\/index.php\/wp-json\/wp\/v2\/pages\/25","targetHints":{"allow":["GET"]}}],"collection":[{"href":"https:\/\/www.lonluzesom.com.br\/index.php\/wp-json\/wp\/v2\/pages"}],"about":[{"href":"https:\/\/www.lonluzesom.com.br\/index.php\/wp-json\/wp\/v2\/types\/page"}],"author":[{"embeddable":true,"href":"https:\/\/www.lonluzesom.com.br\/index.php\/wp-json\/wp\/v2\/users\/1"}],"replies":[{"embeddable":true,"href":"https:\/\/www.lonluzesom.com.br\/index.php\/wp-json\/wp\/v2\/comments?post=25"}],"version-history":[{"count":6,"href":"https:\/\/www.lonluzesom.com.br\/index.php\/wp-json\/wp\/v2\/pages\/25\/revisions"}],"predecessor-version":[{"id":323,"href":"https:\/\/www.lonluzesom.com.br\/index.php\/wp-json\/wp\/v2\/pages\/25\/revisions\/323"}],"wp:featuredmedia":[{"embeddable":true,"href":"https:\/\/www.lonluzesom.com.br\/index.php\/wp-json\/wp\/v2\/media\/181"}],"wp:attachment":[{"href":"https:\/\/www.lonluzesom.com.br\/index.php\/wp-json\/wp\/v2\/media?parent=25"}],"curies":[{"name":"wp","href":"https:\/\/api.w.org\/{rel}","templated":true}]}}